{"id":20,"date":"2018-04-30T19:59:20","date_gmt":"2018-04-30T17:59:20","guid":{"rendered":"http:\/\/www.chiavola.it\/PinoChiavola\/?page_id=20"},"modified":"2018-05-01T07:47:09","modified_gmt":"2018-05-01T05:47:09","slug":"blog","status":"publish","type":"page","link":"https:\/\/www.chiavola.it\/?page_id=20","title":{"rendered":"Il mio libro"},"content":{"rendered":"<h1>ECDL Guida all&#8217;esame per la patente del computer<br \/>\nCasa editrice Petrini<\/h1>\n<p><img loading=\"lazy\" class=\"size-full wp-image-57 alignleft\" src=\"http:\/\/www.chiavola.it\/PinoChiavola\/wp-content\/uploads\/2018\/05\/libro.jpg\" alt=\"\" width=\"148\" height=\"200\" \/>Un manuale pratico per conseguire la patente europea, secondo il Syllabus 5.0<br \/>\nIl volume, validato da AICA, \u00e8 conforme al Syllabus 5.0, ed \u00e8 rivolto a tutti coloro che intendono affrontare l&#8217;esame di uno o pi\u00f9 dei sette moduli dell&#8217;ECDL. Le piattaforme di riferimento sono: Windows Vista e Windows XP, con gli applicativi della suite Microsoft Office 2007. Il testo \u00e8 orientato all&#8217;operativit\u00e0 richiesta per il superamento dell&#8217;esame.<br \/>\nIl DVD-ROM allegato contiene: test interattivi per ciascun modulo; esercitazioni suddivise per modulo; filmati relativi alle procedure descritte nel testo; glossario e link utili. Gli aggiornamenti saranno disponibili on line<br \/>\nStruttura<br \/>\nIl volume \u00e8 suddiviso in sette moduli, che sviluppano tutti gli argomenti previsti dal Syllabus 5.0 sull&#8217;uso del computer con i principali applicativi della suite Microsoft Office. Il modulo 2 \u00e8 presente in due versioni, una riferita a Vista e una riferita a XP.<br \/>\nCiascun Modulo \u00e8 autoconsistente e pu\u00f2 essere svolto indipendentemente dagli altri.<br \/>\nIn apertura di modulo sono dichiarati contenuti e finalit\u00e0. I paragrafi di teoria sono chiari e ricchi di visualizzazioni.<br \/>\nOgni Modulo si chiude con un apparato di Verifica. Il testo \u00e8 strettamente connesso al DVD-ROM, in particolare per l&#8217;aspetto applicativo (procedure filmate, test interattivi di simulazione d&#8217;esame).<br \/>\nContenuti<br \/>\nI contenuti sono quelli proposti dal Syllabus 5.0 e sono cos\u00ec organizzati:<br \/>\nModulo 1: Concetti di base della tecnologia dell&#8217;informazione.<br \/>\nModulo 2A: Uso del computer e gestione dei file (Windows Vista.<br \/>\nModulo 2B: Uso del computer e gestione dei file (Windows XP).<br \/>\nModulo 3: Elaborazione testi.<br \/>\nModulo 4: Foglio elettronico.<br \/>\nModulo 5: Uso delle basi di dati.<br \/>\nModulo 6: Strumenti di presentazione.<br \/>\nModulo 7: Navigazione e comunicazione in rete.<br \/>\nLe procedure descritte sono affiancate da videate che illustrano passo a passo ci\u00f2 che accade lavorando al computer. Sul DVD \u00e8 possibile visualizzare i filmati relativi.<\/p>\n","protected":false},"excerpt":{"rendered":"<p>ECDL Guida all&#8217;esame per la patente del computer Casa editrice Petrini Un manuale pratico per conseguire la patente europea, secondo il Syllabus 5.0 Il volume, validato da AICA, \u00e8 conforme al Syllabus 5.0, ed \u00e8 rivolto a tutti coloro che intendono affrontare l&#8217;esame di uno o pi\u00f9 dei sette moduli dell&#8217;ECDL. Le piattaforme di riferimento [&hellip;]<\/p>\n","protected":false},"author":1,"featured_media":0,"parent":0,"menu_order":0,"comment_status":"closed","ping_status":"closed","template":"","meta":[],"_links":{"self":[{"href":"https:\/\/www.chiavola.it\/index.php?rest_route=\/wp\/v2\/pages\/20"}],"collection":[{"href":"https:\/\/www.chiavola.it\/index.php?rest_route=\/wp\/v2\/pages"}],"about":[{"href":"https:\/\/www.chiavola.it\/index.php?rest_route=\/wp\/v2\/types\/page"}],"author":[{"embeddable":true,"href":"https:\/\/www.chiavola.it\/index.php?rest_route=\/wp\/v2\/users\/1"}],"replies":[{"embeddable":true,"href":"https:\/\/www.chiavola.it\/index.php?rest_route=%2Fwp%2Fv2%2Fcomments&post=20"}],"version-history":[{"count":4,"href":"https:\/\/www.chiavola.it\/index.php?rest_route=\/wp\/v2\/pages\/20\/revisions"}],"predecessor-version":[{"id":59,"href":"https:\/\/www.chiavola.it\/index.php?rest_route=\/wp\/v2\/pages\/20\/revisions\/59"}],"wp:attachment":[{"href":"https:\/\/www.chiavola.it\/index.php?rest_route=%2Fwp%2Fv2%2Fmedia&parent=20"}],"curies":[{"name":"wp","href":"https:\/\/api.w.org\/{rel}","templated":true}]}}